{"id":1613,"date":"2023-10-21T14:15:55","date_gmt":"2023-10-21T12:15:55","guid":{"rendered":"http:\/\/evescollections.rs\/?post_type=product&#038;p=1613"},"modified":"2026-02-24T14:25:03","modified_gmt":"2026-02-24T13:25:03","slug":"white-swan","status":"publish","type":"product","link":"https:\/\/evescollections.rs\/sr\/shop\/slippers-collection\/white-swan\/","title":{"rendered":"White Swan"},"content":{"rendered":"<p>Predstavljamo Eve\u2019s  meke ko\u017ene ku\u0107ne papu\u010de u beloj boji, izra\u0111ene ve\u0161tim rukama italijanskih velemajstora a dovedene da u Va\u0161 li\u010dni ambijent unesu dodatnu udobnost i luksuz. Ove papu\u010de  izra\u0111ene su od prirodne ko\u017ee bele boje koja \u0107e ne\u017eno, ne\u017eno obmotati Va\u0161a stopala. Visina pete iznosi 4,5cm. Postava ovih papu\u010da je tako\u0111e sa\u010dinjena od prirodne ko\u017ee u srebrnoj boji, \u0161to ih \u010dini jo\u0161 udobnijim i rasko\u0161nijim. \u0110on je tako\u0111e izra\u0111en ok ko\u017ee, a uz gumeno oja\u010danje, Va\u0161 korak \u0107e biti siguran i lak. Jednostavno, savr\u0161ene za kretanje po ku\u0107i. \nLepoti dizajna ovih mekih papu\u010dica doprinose i \u0161ik detalj u vidu prirodnog perja - Iskusite ovu divnu  kombinaciju udobnosti, stila i sigurnosti, a ne zaboravite ne\u0161to posebno va\u017eno - Eve\u2019s luksuzne papu\u010de i Eve\u2019s haljine su prosto savr\u0161ena kombinacija.<\/p>","protected":false},"excerpt":{"rendered":"<p>Crafted for comfort and durability, our home slippers are designed to pamper your feet with every step.<br \/>\nFeaturing a soft interior and a sturdy sole, they provide both warmth and support.<\/p>\n<p>\u2022 Nakon no\u0161enja, \u010distite ih mekom krpom.<br \/>\n\u2022 Ukoliko se pokvase, osu\u0161ite ih prirodno, bez kori\u0161\u0107enja aparata sa vrelim vazduhom, kako se ne bi o\u0161tetila ko\u017ea ili pokvario oblik.<br \/>\nOdr\u017eavati mazanjem bezbojnom ili crnom kremom za obu\u0107u i glancati do visokog sjaja.<br \/>\n\u2022 Mrlje se mogu skidati ukoliko se \u010disti\npa\u017eljivo, vla\u017enom krpom.<\/p>","protected":false},"featured_media":1626,"template":"","meta":[],"product_cat":[18],"product_tag":[],"class_list":["post-1613","product","type-product","status-publish","has-post-thumbnail","hentry","product_cat-slippers-collection"],"yoast_head":"<!-- This site is optimized with the Yoast SEO plugin v21.6 - https:\/\/yoast.com\/wordpress\/plugins\/seo\/ -->\n<title>White Swan - Eve*s Collections<\/title>\n<meta name=\"robots\" content=\"index, follow, max-snippet:-1, max-image-preview:large, max-video-preview:-1\" \/>\n<link rel=\"canonical\" href=\"https:\/\/evescollections.rs\/sr\/shop\/slippers-collection\/white-swan\/\" \/>\n<meta property=\"og:locale\" content=\"sr_RS\" \/>\n<meta property=\"og:type\" content=\"article\" \/>\n<meta property=\"og:title\" content=\"White Swan - Eve*s Collections\" \/>\n<meta property=\"og:description\" content=\"Crafted for comfort and durability, our home slippers are designed to pamper your feet with every step. Featuring a soft interior and a sturdy sole, they provide both warmth and support.  \u2022 After use, clean slippers of any dirt using a soft cloth. \u2022 If wet, dry away from direct heat sources to preserve the shape and material integrity. \u2022 Maintain by applying a colorless or matching color cream for leather shoes and polish to a high shine. \u2022 Suitable for spot cleaning; gently wipe with a damp cloth if necessary.\" \/>\n<meta property=\"og:url\" content=\"https:\/\/evescollections.rs\/sr\/shop\/slippers-collection\/white-swan\/\" \/>\n<meta property=\"og:site_name\" content=\"Eve*s Collections\" \/>\n<meta property=\"article:modified_time\" content=\"2026-02-24T13:25:03+00:00\" \/>\n<meta property=\"og:image\" content=\"https:\/\/evescollections.rs\/wp-content\/uploads\/2024\/05\/47-1-e1716316841143.jpg\" \/>\n\t<meta property=\"og:image:width\" content=\"1200\" \/>\n\t<meta property=\"og:image:height\" content=\"1197\" \/>\n\t<meta property=\"og:image:type\" content=\"image\/jpeg\" \/>\n<meta name=\"twitter:card\" content=\"summary_large_image\" \/>\n<meta name=\"twitter:label1\" content=\"\u041f\u0440\u043e\u0446\u0435\u045a\u0435\u043d\u043e \u0432\u0440\u0435\u043c\u0435 \u0447\u0438\u0442\u0430\u045a\u0430\" \/>\n\t<meta name=\"twitter:data1\" content=\"1 \u043c\u0438\u043d\u0443\u0442\" \/>\n<script type=\"application\/ld+json\" class=\"yoast-schema-graph\">{\"@context\":\"https:\/\/schema.org\",\"@graph\":[{\"@type\":\"WebPage\",\"@id\":\"https:\/\/evescollections.rs\/shop\/slippers-collection\/white-swan\/\",\"url\":\"https:\/\/evescollections.rs\/shop\/slippers-collection\/white-swan\/\",\"name\":\"White Swan - Eve*s Collections\",\"isPartOf\":{\"@id\":\"https:\/\/evescollections.rs\/#website\"},\"datePublished\":\"2023-10-21T12:15:55+00:00\",\"dateModified\":\"2026-02-24T13:25:03+00:00\",\"breadcrumb\":{\"@id\":\"https:\/\/evescollections.rs\/shop\/slippers-collection\/white-swan\/#breadcrumb\"},\"inLanguage\":\"sr-RS\",\"potentialAction\":[{\"@type\":\"ReadAction\",\"target\":[\"https:\/\/evescollections.rs\/shop\/slippers-collection\/white-swan\/\"]}]},{\"@type\":\"BreadcrumbList\",\"@id\":\"https:\/\/evescollections.rs\/shop\/slippers-collection\/white-swan\/#breadcrumb\",\"itemListElement\":[{\"@type\":\"ListItem\",\"position\":1,\"name\":\"Home\",\"item\":\"https:\/\/evescollections.rs\/\"},{\"@type\":\"ListItem\",\"position\":2,\"name\":\"Products\",\"item\":\"https:\/\/evescollections.rs\/shop\/\"},{\"@type\":\"ListItem\",\"position\":3,\"name\":\"White Swan\"}]},{\"@type\":\"WebSite\",\"@id\":\"https:\/\/evescollections.rs\/#website\",\"url\":\"https:\/\/evescollections.rs\/\",\"name\":\"Eve*s Collections\",\"description\":\"\",\"publisher\":{\"@id\":\"https:\/\/evescollections.rs\/#organization\"},\"potentialAction\":[{\"@type\":\"SearchAction\",\"target\":{\"@type\":\"EntryPoint\",\"urlTemplate\":\"https:\/\/evescollections.rs\/?s={search_term_string}\"},\"query-input\":\"required name=search_term_string\"}],\"inLanguage\":\"sr-RS\"},{\"@type\":\"Organization\",\"@id\":\"https:\/\/evescollections.rs\/#organization\",\"name\":\"Eve*s Collections\",\"url\":\"https:\/\/evescollections.rs\/\",\"logo\":{\"@type\":\"ImageObject\",\"inLanguage\":\"sr-RS\",\"@id\":\"https:\/\/evescollections.rs\/#\/schema\/logo\/image\/\",\"url\":\"https:\/\/evescollections.rs\/wp-content\/uploads\/2023\/12\/final-logo-1.png\",\"contentUrl\":\"https:\/\/evescollections.rs\/wp-content\/uploads\/2023\/12\/final-logo-1.png\",\"width\":315,\"height\":143,\"caption\":\"Eve*s Collections\"},\"image\":{\"@id\":\"https:\/\/evescollections.rs\/#\/schema\/logo\/image\/\"}}]}<\/script>\n<!-- \/ Yoast SEO plugin. -->","yoast_head_json":{"title":"White Swan - Eve*s Collections","robots":{"index":"index","follow":"follow","max-snippet":"max-snippet:-1","max-image-preview":"max-image-preview:large","max-video-preview":"max-video-preview:-1"},"canonical":"https:\/\/evescollections.rs\/sr\/shop\/slippers-collection\/white-swan\/","og_locale":"sr_RS","og_type":"article","og_title":"White Swan - Eve*s Collections","og_description":"Crafted for comfort and durability, our home slippers are designed to pamper your feet with every step. Featuring a soft interior and a sturdy sole, they provide both warmth and support.  \u2022 After use, clean slippers of any dirt using a soft cloth. \u2022 If wet, dry away from direct heat sources to preserve the shape and material integrity. \u2022 Maintain by applying a colorless or matching color cream for leather shoes and polish to a high shine. \u2022 Suitable for spot cleaning; gently wipe with a damp cloth if necessary.","og_url":"https:\/\/evescollections.rs\/sr\/shop\/slippers-collection\/white-swan\/","og_site_name":"Eve*s Collections","article_modified_time":"2026-02-24T13:25:03+00:00","og_image":[{"width":1200,"height":1197,"url":"https:\/\/evescollections.rs\/wp-content\/uploads\/2024\/05\/47-1-e1716316841143.jpg","type":"image\/jpeg"}],"twitter_card":"summary_large_image","twitter_misc":{"\u041f\u0440\u043e\u0446\u0435\u045a\u0435\u043d\u043e \u0432\u0440\u0435\u043c\u0435 \u0447\u0438\u0442\u0430\u045a\u0430":"1 \u043c\u0438\u043d\u0443\u0442"},"schema":{"@context":"https:\/\/schema.org","@graph":[{"@type":"WebPage","@id":"https:\/\/evescollections.rs\/shop\/slippers-collection\/white-swan\/","url":"https:\/\/evescollections.rs\/shop\/slippers-collection\/white-swan\/","name":"White Swan - Eve*s Collections","isPartOf":{"@id":"https:\/\/evescollections.rs\/#website"},"datePublished":"2023-10-21T12:15:55+00:00","dateModified":"2026-02-24T13:25:03+00:00","breadcrumb":{"@id":"https:\/\/evescollections.rs\/shop\/slippers-collection\/white-swan\/#breadcrumb"},"inLanguage":"sr-RS","potentialAction":[{"@type":"ReadAction","target":["https:\/\/evescollections.rs\/shop\/slippers-collection\/white-swan\/"]}]},{"@type":"BreadcrumbList","@id":"https:\/\/evescollections.rs\/shop\/slippers-collection\/white-swan\/#breadcrumb","itemListElement":[{"@type":"ListItem","position":1,"name":"Home","item":"https:\/\/evescollections.rs\/"},{"@type":"ListItem","position":2,"name":"Products","item":"https:\/\/evescollections.rs\/shop\/"},{"@type":"ListItem","position":3,"name":"White Swan"}]},{"@type":"WebSite","@id":"https:\/\/evescollections.rs\/#website","url":"https:\/\/evescollections.rs\/","name":"Eve*s Collections","description":"","publisher":{"@id":"https:\/\/evescollections.rs\/#organization"},"potentialAction":[{"@type":"SearchAction","target":{"@type":"EntryPoint","urlTemplate":"https:\/\/evescollections.rs\/?s={search_term_string}"},"query-input":"required name=search_term_string"}],"inLanguage":"sr-RS"},{"@type":"Organization","@id":"https:\/\/evescollections.rs\/#organization","name":"Eve*s Collections","url":"https:\/\/evescollections.rs\/","logo":{"@type":"ImageObject","inLanguage":"sr-RS","@id":"https:\/\/evescollections.rs\/#\/schema\/logo\/image\/","url":"https:\/\/evescollections.rs\/wp-content\/uploads\/2023\/12\/final-logo-1.png","contentUrl":"https:\/\/evescollections.rs\/wp-content\/uploads\/2023\/12\/final-logo-1.png","width":315,"height":143,"caption":"Eve*s Collections"},"image":{"@id":"https:\/\/evescollections.rs\/#\/schema\/logo\/image\/"}}]}},"_links":{"self":[{"href":"https:\/\/evescollections.rs\/sr\/wp-json\/wp\/v2\/product\/1613","targetHints":{"allow":["GET"]}}],"collection":[{"href":"https:\/\/evescollections.rs\/sr\/wp-json\/wp\/v2\/product"}],"about":[{"href":"https:\/\/evescollections.rs\/sr\/wp-json\/wp\/v2\/types\/product"}],"wp:featuredmedia":[{"embeddable":true,"href":"https:\/\/evescollections.rs\/sr\/wp-json\/wp\/v2\/media\/1626"}],"wp:attachment":[{"href":"https:\/\/evescollections.rs\/sr\/wp-json\/wp\/v2\/media?parent=1613"}],"wp:term":[{"taxonomy":"product_cat","embeddable":true,"href":"https:\/\/evescollections.rs\/sr\/wp-json\/wp\/v2\/product_cat?post=1613"},{"taxonomy":"product_tag","embeddable":true,"href":"https:\/\/evescollections.rs\/sr\/wp-json\/wp\/v2\/product_tag?post=1613"}],"curies":[{"name":"wp","href":"https:\/\/api.w.org\/{rel}","templated":true}]}}