{"id":2880,"date":"2023-12-21T12:47:12","date_gmt":"2023-12-21T11:47:12","guid":{"rendered":"https:\/\/evescollections.rs\/?post_type=product&#038;p=2880"},"modified":"2025-10-20T13:54:35","modified_gmt":"2025-10-20T11:54:35","slug":"vanilla-cami","status":"publish","type":"product","link":"https:\/\/evescollections.rs\/sr\/shop\/clothes\/cami\/vanilla-cami\/","title":{"rendered":"Vanilla Cami"},"content":{"rendered":"<p>Ne\u017ena na dodir, rasko\u0161na za oko \u2013 svilena bluza u sofisticiranoj nijansi boje vanile iz\nna\u0161e kolekcije dizajnirana je da se uklopi u svaki tvoj \u2018look\u2019. Bilo da je nosi\u0161 uz \u0161orc,\nomiljeni d\u017eins ili suknje iz na\u0161e kolekcije, ova bluza \u0107e ti uvek pru\u017eiti ono ne\u0161to\nposebno.<br \/>\nDuge, tanke bretele omogu\u0107avaju ti da je ve\u017ee\u0161 na vi\u0161e na\u010dina \u2013 oko vrata, preko\nramena, ukrsti\u0161 ih spreda ili otpozadi, pusti\u0161 ih opu\u0161teno niz le\u0111a... Mogu\u010dnosti je\nmnogo, ona se prilago\u0111ava tebi i tvom trenutnom raspolo\u017eenju. Na vrhovima bretela\nnalaze se metalni detalji koji diskretno nagla\u0161avaju eleganciju i luksuz.<br \/>\nOva bluza nije samo komad ode\u0107e \u2013 ona je odevni izraz tvoje \u017eenstvenosti, ne\u017enosti\ni slobode.<br \/>\nSavr\u0161ena za spavanje, \u0161etnju, sve\u010dane prilike, pa i one poslovne \u2013 za svaki put kad\npo\u017eeli\u0161 da blista\u0161 u svojoj ko\u017ei.<\/p>","protected":false},"excerpt":{"rendered":"<p>Me\u0161avina koju \u010dine 95% svile i 5% elastina omogu\u0107avaju to da ovaj set pristaje \u017eenama\nrazli\u010ditih tipova gra\u0111e a dodatno doprinosi udobnosti tokom sna. Unutra\u0161njost ovog seta\nop\u0161ivena francuskim \u0161avom, \u0161to ga \u010dini ne\u017enim prema ko\u017ei u svakom svom milimetru.<\/p>\n<p><span><\/span><br \/>\n\u2022 Dozvoljeno je pranje na ruke ili ma\u0161insko pranje ( 30 stepeni Celzijusa \/\nobavezan program za pranje vune \/ kori\u0161\u0107enje blagog deterd\u017eenta za\nosetljive tkanine).<br \/>\n\u2022 Ukoliko se pere na ruke, tkaninu ne treba gu\u017evati i cediti, nego je blago pritisnuti.<br \/>\n\u2022 Su\u0161iti prostiranjem.<br \/>\n\u2022 Peglati pa\u017eljivo i ni\u017eom temperaturom.<br \/>\n\u2022 Ne sme se izbeljivati.<br \/>\n\u2022 Hemijsko \u010di\u0161\u0107enje je dozvoljeno.<\/p>","protected":false},"featured_media":3103,"template":"","meta":[],"product_cat":[40],"product_tag":[],"class_list":["post-2880","product","type-product","status-publish","has-post-thumbnail","hentry","product_cat-cami"],"yoast_head":"<!-- This site is optimized with the Yoast SEO plugin v21.6 - https:\/\/yoast.com\/wordpress\/plugins\/seo\/ -->\n<title>Vanilla Cami - Eve*s Collections<\/title>\n<meta name=\"robots\" content=\"index, follow, max-snippet:-1, max-image-preview:large, max-video-preview:-1\" \/>\n<link rel=\"canonical\" href=\"https:\/\/evescollections.rs\/sr\/shop\/clothes\/cami\/vanilla-cami\/\" \/>\n<meta property=\"og:locale\" content=\"sr_RS\" \/>\n<meta property=\"og:type\" content=\"article\" \/>\n<meta property=\"og:title\" content=\"Vanilla Cami - Eve*s Collections\" \/>\n<meta property=\"og:description\" content=\"Crafted from 95% silk and 5% elastane, our garments ensure a flawless fit that flatters every figure, making every woman feel effortlessly regal. Constructed with French seams for a smooth, refined finish that feels soft against the skin.  \u2022 Wash at 30\u00b0C \u2022 Opt for a quick hand wash or use the wool program, always with a mild detergent. \u2022 Gently squeeze, do not wring. \u2022 Dry flat. \u2022 Iron on a cool setting. \u2022 Do not bleach. \u2022 Suitable for dry cleaning.\" \/>\n<meta property=\"og:url\" content=\"https:\/\/evescollections.rs\/sr\/shop\/clothes\/cami\/vanilla-cami\/\" \/>\n<meta property=\"og:site_name\" content=\"Eve*s Collections\" \/>\n<meta property=\"article:modified_time\" content=\"2025-10-20T11:54:35+00:00\" \/>\n<meta property=\"og:image\" content=\"https:\/\/evescollections.rs\/wp-content\/uploads\/2025\/06\/1-copy-1-scaled-e1748957198712.jpg\" \/>\n\t<meta property=\"og:image:width\" content=\"946\" \/>\n\t<meta property=\"og:image:height\" content=\"946\" \/>\n\t<meta property=\"og:image:type\" content=\"image\/jpeg\" \/>\n<meta name=\"twitter:card\" content=\"summary_large_image\" \/>\n<meta name=\"twitter:label1\" content=\"\u041f\u0440\u043e\u0446\u0435\u045a\u0435\u043d\u043e \u0432\u0440\u0435\u043c\u0435 \u0447\u0438\u0442\u0430\u045a\u0430\" \/>\n\t<meta name=\"twitter:data1\" content=\"1 \u043c\u0438\u043d\u0443\u0442\" \/>\n<script type=\"application\/ld+json\" class=\"yoast-schema-graph\">{\"@context\":\"https:\/\/schema.org\",\"@graph\":[{\"@type\":\"WebPage\",\"@id\":\"https:\/\/evescollections.rs\/shop\/clothes\/cami\/vanilla-cami\/\",\"url\":\"https:\/\/evescollections.rs\/shop\/clothes\/cami\/vanilla-cami\/\",\"name\":\"Vanilla Cami - Eve*s Collections\",\"isPartOf\":{\"@id\":\"https:\/\/evescollections.rs\/#website\"},\"datePublished\":\"2023-12-21T11:47:12+00:00\",\"dateModified\":\"2025-10-20T11:54:35+00:00\",\"breadcrumb\":{\"@id\":\"https:\/\/evescollections.rs\/shop\/clothes\/cami\/vanilla-cami\/#breadcrumb\"},\"inLanguage\":\"sr-RS\",\"potentialAction\":[{\"@type\":\"ReadAction\",\"target\":[\"https:\/\/evescollections.rs\/shop\/clothes\/cami\/vanilla-cami\/\"]}]},{\"@type\":\"BreadcrumbList\",\"@id\":\"https:\/\/evescollections.rs\/shop\/clothes\/cami\/vanilla-cami\/#breadcrumb\",\"itemListElement\":[{\"@type\":\"ListItem\",\"position\":1,\"name\":\"Home\",\"item\":\"https:\/\/evescollections.rs\/\"},{\"@type\":\"ListItem\",\"position\":2,\"name\":\"Products\",\"item\":\"https:\/\/evescollections.rs\/shop\/\"},{\"@type\":\"ListItem\",\"position\":3,\"name\":\"Vanilla Cami\"}]},{\"@type\":\"WebSite\",\"@id\":\"https:\/\/evescollections.rs\/#website\",\"url\":\"https:\/\/evescollections.rs\/\",\"name\":\"Eve*s Collections\",\"description\":\"\",\"publisher\":{\"@id\":\"https:\/\/evescollections.rs\/#organization\"},\"potentialAction\":[{\"@type\":\"SearchAction\",\"target\":{\"@type\":\"EntryPoint\",\"urlTemplate\":\"https:\/\/evescollections.rs\/?s={search_term_string}\"},\"query-input\":\"required name=search_term_string\"}],\"inLanguage\":\"sr-RS\"},{\"@type\":\"Organization\",\"@id\":\"https:\/\/evescollections.rs\/#organization\",\"name\":\"Eve*s Collections\",\"url\":\"https:\/\/evescollections.rs\/\",\"logo\":{\"@type\":\"ImageObject\",\"inLanguage\":\"sr-RS\",\"@id\":\"https:\/\/evescollections.rs\/#\/schema\/logo\/image\/\",\"url\":\"https:\/\/evescollections.rs\/wp-content\/uploads\/2023\/12\/final-logo-1.png\",\"contentUrl\":\"https:\/\/evescollections.rs\/wp-content\/uploads\/2023\/12\/final-logo-1.png\",\"width\":315,\"height\":143,\"caption\":\"Eve*s Collections\"},\"image\":{\"@id\":\"https:\/\/evescollections.rs\/#\/schema\/logo\/image\/\"}}]}<\/script>\n<!-- \/ Yoast SEO plugin. -->","yoast_head_json":{"title":"Vanilla Cami - Eve*s Collections","robots":{"index":"index","follow":"follow","max-snippet":"max-snippet:-1","max-image-preview":"max-image-preview:large","max-video-preview":"max-video-preview:-1"},"canonical":"https:\/\/evescollections.rs\/sr\/shop\/clothes\/cami\/vanilla-cami\/","og_locale":"sr_RS","og_type":"article","og_title":"Vanilla Cami - Eve*s Collections","og_description":"Crafted from 95% silk and 5% elastane, our garments ensure a flawless fit that flatters every figure, making every woman feel effortlessly regal. Constructed with French seams for a smooth, refined finish that feels soft against the skin.  \u2022 Wash at 30\u00b0C \u2022 Opt for a quick hand wash or use the wool program, always with a mild detergent. \u2022 Gently squeeze, do not wring. \u2022 Dry flat. \u2022 Iron on a cool setting. \u2022 Do not bleach. \u2022 Suitable for dry cleaning.","og_url":"https:\/\/evescollections.rs\/sr\/shop\/clothes\/cami\/vanilla-cami\/","og_site_name":"Eve*s Collections","article_modified_time":"2025-10-20T11:54:35+00:00","og_image":[{"width":946,"height":946,"url":"https:\/\/evescollections.rs\/wp-content\/uploads\/2025\/06\/1-copy-1-scaled-e1748957198712.jpg","type":"image\/jpeg"}],"twitter_card":"summary_large_image","twitter_misc":{"\u041f\u0440\u043e\u0446\u0435\u045a\u0435\u043d\u043e \u0432\u0440\u0435\u043c\u0435 \u0447\u0438\u0442\u0430\u045a\u0430":"1 \u043c\u0438\u043d\u0443\u0442"},"schema":{"@context":"https:\/\/schema.org","@graph":[{"@type":"WebPage","@id":"https:\/\/evescollections.rs\/shop\/clothes\/cami\/vanilla-cami\/","url":"https:\/\/evescollections.rs\/shop\/clothes\/cami\/vanilla-cami\/","name":"Vanilla Cami - Eve*s Collections","isPartOf":{"@id":"https:\/\/evescollections.rs\/#website"},"datePublished":"2023-12-21T11:47:12+00:00","dateModified":"2025-10-20T11:54:35+00:00","breadcrumb":{"@id":"https:\/\/evescollections.rs\/shop\/clothes\/cami\/vanilla-cami\/#breadcrumb"},"inLanguage":"sr-RS","potentialAction":[{"@type":"ReadAction","target":["https:\/\/evescollections.rs\/shop\/clothes\/cami\/vanilla-cami\/"]}]},{"@type":"BreadcrumbList","@id":"https:\/\/evescollections.rs\/shop\/clothes\/cami\/vanilla-cami\/#breadcrumb","itemListElement":[{"@type":"ListItem","position":1,"name":"Home","item":"https:\/\/evescollections.rs\/"},{"@type":"ListItem","position":2,"name":"Products","item":"https:\/\/evescollections.rs\/shop\/"},{"@type":"ListItem","position":3,"name":"Vanilla Cami"}]},{"@type":"WebSite","@id":"https:\/\/evescollections.rs\/#website","url":"https:\/\/evescollections.rs\/","name":"Eve*s Collections","description":"","publisher":{"@id":"https:\/\/evescollections.rs\/#organization"},"potentialAction":[{"@type":"SearchAction","target":{"@type":"EntryPoint","urlTemplate":"https:\/\/evescollections.rs\/?s={search_term_string}"},"query-input":"required name=search_term_string"}],"inLanguage":"sr-RS"},{"@type":"Organization","@id":"https:\/\/evescollections.rs\/#organization","name":"Eve*s Collections","url":"https:\/\/evescollections.rs\/","logo":{"@type":"ImageObject","inLanguage":"sr-RS","@id":"https:\/\/evescollections.rs\/#\/schema\/logo\/image\/","url":"https:\/\/evescollections.rs\/wp-content\/uploads\/2023\/12\/final-logo-1.png","contentUrl":"https:\/\/evescollections.rs\/wp-content\/uploads\/2023\/12\/final-logo-1.png","width":315,"height":143,"caption":"Eve*s Collections"},"image":{"@id":"https:\/\/evescollections.rs\/#\/schema\/logo\/image\/"}}]}},"_links":{"self":[{"href":"https:\/\/evescollections.rs\/sr\/wp-json\/wp\/v2\/product\/2880","targetHints":{"allow":["GET"]}}],"collection":[{"href":"https:\/\/evescollections.rs\/sr\/wp-json\/wp\/v2\/product"}],"about":[{"href":"https:\/\/evescollections.rs\/sr\/wp-json\/wp\/v2\/types\/product"}],"wp:featuredmedia":[{"embeddable":true,"href":"https:\/\/evescollections.rs\/sr\/wp-json\/wp\/v2\/media\/3103"}],"wp:attachment":[{"href":"https:\/\/evescollections.rs\/sr\/wp-json\/wp\/v2\/media?parent=2880"}],"wp:term":[{"taxonomy":"product_cat","embeddable":true,"href":"https:\/\/evescollections.rs\/sr\/wp-json\/wp\/v2\/product_cat?post=2880"},{"taxonomy":"product_tag","embeddable":true,"href":"https:\/\/evescollections.rs\/sr\/wp-json\/wp\/v2\/product_tag?post=2880"}],"curies":[{"name":"wp","href":"https:\/\/api.w.org\/{rel}","templated":true}]}}