{"id":2885,"date":"2020-12-21T14:17:50","date_gmt":"2020-12-21T13:17:50","guid":{"rendered":"https:\/\/evescollections.rs\/?post_type=product&#038;p=2885"},"modified":"2025-10-20T13:53:26","modified_gmt":"2025-10-20T11:53:26","slug":"gift-box","status":"publish","type":"product","link":"https:\/\/evescollections.rs\/sr\/shop\/gift-box\/gift-box\/","title":{"rendered":"Gift Box"},"content":{"rendered":"<p class=\" translation-block\">Dodajte da\u0161ak luksuza svakom poklonu \u2014 na\u0161a ekskluzivna pli\u0161ana kutija\nukra\u0161ena zlatotiskom sa porukom <em>For Eve\u2019ry version of yourself<\/em> pru\u017ea\nsavr\u0161enu prezentaciju artikala koji poklanjate odabranim posebnim\ndamama.<br \/>\nOva kutija, ona u kojoj isporu\u010dujemo sve na\u0161e proizvode od svile, sada je\ndostupna i kao zaseban artikal. Idealna je za one koji \u017eele da ku\u0107ne papu\u010de\niz na\u0161e kolekcije pretvore u poseban poklon. Unutra\u0161njost je oblo\u017eena\nmekim slojem pli\u0161a koji \u0161titi sadr\u017eaj, dok je spolja\u0161njost sa\u010dinjena tako\u0111e\nod pli\u0161a za sofisticiraniji i prefinjeniji izgled.<br \/><br \/>\nSavr\u0161ena za poklone. Prava za uspomene.<\/p>","protected":false},"excerpt":{"rendered":"<p>Add a touch of luxury to any gift \u2014 our exclusive velvet box, adorned with a golden message that reads \u201cFor Eve\u2019ry version of yourself,\u201d offers the perfect presentation for items chosen for the special women in your life. This is the very same box in which we deliver all of our silk creations, now [&hellip;]<\/p>","protected":false},"featured_media":2888,"template":"","meta":[],"product_cat":[41],"product_tag":[],"class_list":["post-2885","product","type-product","status-publish","has-post-thumbnail","hentry","product_cat-gift-box"],"yoast_head":"<!-- This site is optimized with the Yoast SEO plugin v21.6 - https:\/\/yoast.com\/wordpress\/plugins\/seo\/ -->\n<title>Gift Box - Eve*s Collections<\/title>\n<meta name=\"robots\" content=\"index, follow, max-snippet:-1, max-image-preview:large, max-video-preview:-1\" \/>\n<link rel=\"canonical\" href=\"https:\/\/evescollections.rs\/sr\/shop\/gift-box\/gift-box\/\" \/>\n<meta property=\"og:locale\" content=\"sr_RS\" \/>\n<meta property=\"og:type\" content=\"article\" \/>\n<meta property=\"og:title\" content=\"Gift Box - Eve*s Collections\" \/>\n<meta property=\"og:description\" content=\"Add a touch of luxury to any gift \u2014 our exclusive velvet box, adorned with a golden message that reads \u201cFor Eve\u2019ry version of yourself,\u201d offers the perfect presentation for items chosen for the special women in your life. This is the very same box in which we deliver all of our silk creations, now [&hellip;]\" \/>\n<meta property=\"og:url\" content=\"https:\/\/evescollections.rs\/sr\/shop\/gift-box\/gift-box\/\" \/>\n<meta property=\"og:site_name\" content=\"Eve*s Collections\" \/>\n<meta property=\"article:modified_time\" content=\"2025-10-20T11:53:26+00:00\" \/>\n<meta property=\"og:image\" content=\"https:\/\/evescollections.rs\/wp-content\/uploads\/2025\/05\/DSC01112-scaled.jpg\" \/>\n\t<meta property=\"og:image:width\" content=\"1707\" \/>\n\t<meta property=\"og:image:height\" content=\"2560\" \/>\n\t<meta property=\"og:image:type\" content=\"image\/jpeg\" \/>\n<meta name=\"twitter:card\" content=\"summary_large_image\" \/>\n<meta name=\"twitter:label1\" content=\"\u041f\u0440\u043e\u0446\u0435\u045a\u0435\u043d\u043e \u0432\u0440\u0435\u043c\u0435 \u0447\u0438\u0442\u0430\u045a\u0430\" \/>\n\t<meta name=\"twitter:data1\" content=\"1 \u043c\u0438\u043d\u0443\u0442\" \/>\n<script type=\"application\/ld+json\" class=\"yoast-schema-graph\">{\"@context\":\"https:\/\/schema.org\",\"@graph\":[{\"@type\":\"WebPage\",\"@id\":\"https:\/\/evescollections.rs\/shop\/gift-box\/gift-box\/\",\"url\":\"https:\/\/evescollections.rs\/shop\/gift-box\/gift-box\/\",\"name\":\"Gift Box - Eve*s Collections\",\"isPartOf\":{\"@id\":\"https:\/\/evescollections.rs\/#website\"},\"datePublished\":\"2020-12-21T13:17:50+00:00\",\"dateModified\":\"2025-10-20T11:53:26+00:00\",\"breadcrumb\":{\"@id\":\"https:\/\/evescollections.rs\/shop\/gift-box\/gift-box\/#breadcrumb\"},\"inLanguage\":\"sr-RS\",\"potentialAction\":[{\"@type\":\"ReadAction\",\"target\":[\"https:\/\/evescollections.rs\/shop\/gift-box\/gift-box\/\"]}]},{\"@type\":\"BreadcrumbList\",\"@id\":\"https:\/\/evescollections.rs\/shop\/gift-box\/gift-box\/#breadcrumb\",\"itemListElement\":[{\"@type\":\"ListItem\",\"position\":1,\"name\":\"Home\",\"item\":\"https:\/\/evescollections.rs\/\"},{\"@type\":\"ListItem\",\"position\":2,\"name\":\"Products\",\"item\":\"https:\/\/evescollections.rs\/shop\/\"},{\"@type\":\"ListItem\",\"position\":3,\"name\":\"Gift Box\"}]},{\"@type\":\"WebSite\",\"@id\":\"https:\/\/evescollections.rs\/#website\",\"url\":\"https:\/\/evescollections.rs\/\",\"name\":\"Eve*s Collections\",\"description\":\"\",\"publisher\":{\"@id\":\"https:\/\/evescollections.rs\/#organization\"},\"potentialAction\":[{\"@type\":\"SearchAction\",\"target\":{\"@type\":\"EntryPoint\",\"urlTemplate\":\"https:\/\/evescollections.rs\/?s={search_term_string}\"},\"query-input\":\"required name=search_term_string\"}],\"inLanguage\":\"sr-RS\"},{\"@type\":\"Organization\",\"@id\":\"https:\/\/evescollections.rs\/#organization\",\"name\":\"Eve*s Collections\",\"url\":\"https:\/\/evescollections.rs\/\",\"logo\":{\"@type\":\"ImageObject\",\"inLanguage\":\"sr-RS\",\"@id\":\"https:\/\/evescollections.rs\/#\/schema\/logo\/image\/\",\"url\":\"https:\/\/evescollections.rs\/wp-content\/uploads\/2023\/12\/final-logo-1.png\",\"contentUrl\":\"https:\/\/evescollections.rs\/wp-content\/uploads\/2023\/12\/final-logo-1.png\",\"width\":315,\"height\":143,\"caption\":\"Eve*s Collections\"},\"image\":{\"@id\":\"https:\/\/evescollections.rs\/#\/schema\/logo\/image\/\"}}]}<\/script>\n<!-- \/ Yoast SEO plugin. -->","yoast_head_json":{"title":"Gift Box - Eve*s Collections","robots":{"index":"index","follow":"follow","max-snippet":"max-snippet:-1","max-image-preview":"max-image-preview:large","max-video-preview":"max-video-preview:-1"},"canonical":"https:\/\/evescollections.rs\/sr\/shop\/gift-box\/gift-box\/","og_locale":"sr_RS","og_type":"article","og_title":"Gift Box - Eve*s Collections","og_description":"Add a touch of luxury to any gift \u2014 our exclusive velvet box, adorned with a golden message that reads \u201cFor Eve\u2019ry version of yourself,\u201d offers the perfect presentation for items chosen for the special women in your life. This is the very same box in which we deliver all of our silk creations, now [&hellip;]","og_url":"https:\/\/evescollections.rs\/sr\/shop\/gift-box\/gift-box\/","og_site_name":"Eve*s Collections","article_modified_time":"2025-10-20T11:53:26+00:00","og_image":[{"width":1707,"height":2560,"url":"https:\/\/evescollections.rs\/wp-content\/uploads\/2025\/05\/DSC01112-scaled.jpg","type":"image\/jpeg"}],"twitter_card":"summary_large_image","twitter_misc":{"\u041f\u0440\u043e\u0446\u0435\u045a\u0435\u043d\u043e \u0432\u0440\u0435\u043c\u0435 \u0447\u0438\u0442\u0430\u045a\u0430":"1 \u043c\u0438\u043d\u0443\u0442"},"schema":{"@context":"https:\/\/schema.org","@graph":[{"@type":"WebPage","@id":"https:\/\/evescollections.rs\/shop\/gift-box\/gift-box\/","url":"https:\/\/evescollections.rs\/shop\/gift-box\/gift-box\/","name":"Gift Box - Eve*s Collections","isPartOf":{"@id":"https:\/\/evescollections.rs\/#website"},"datePublished":"2020-12-21T13:17:50+00:00","dateModified":"2025-10-20T11:53:26+00:00","breadcrumb":{"@id":"https:\/\/evescollections.rs\/shop\/gift-box\/gift-box\/#breadcrumb"},"inLanguage":"sr-RS","potentialAction":[{"@type":"ReadAction","target":["https:\/\/evescollections.rs\/shop\/gift-box\/gift-box\/"]}]},{"@type":"BreadcrumbList","@id":"https:\/\/evescollections.rs\/shop\/gift-box\/gift-box\/#breadcrumb","itemListElement":[{"@type":"ListItem","position":1,"name":"Home","item":"https:\/\/evescollections.rs\/"},{"@type":"ListItem","position":2,"name":"Products","item":"https:\/\/evescollections.rs\/shop\/"},{"@type":"ListItem","position":3,"name":"Gift Box"}]},{"@type":"WebSite","@id":"https:\/\/evescollections.rs\/#website","url":"https:\/\/evescollections.rs\/","name":"Eve*s Collections","description":"","publisher":{"@id":"https:\/\/evescollections.rs\/#organization"},"potentialAction":[{"@type":"SearchAction","target":{"@type":"EntryPoint","urlTemplate":"https:\/\/evescollections.rs\/?s={search_term_string}"},"query-input":"required name=search_term_string"}],"inLanguage":"sr-RS"},{"@type":"Organization","@id":"https:\/\/evescollections.rs\/#organization","name":"Eve*s Collections","url":"https:\/\/evescollections.rs\/","logo":{"@type":"ImageObject","inLanguage":"sr-RS","@id":"https:\/\/evescollections.rs\/#\/schema\/logo\/image\/","url":"https:\/\/evescollections.rs\/wp-content\/uploads\/2023\/12\/final-logo-1.png","contentUrl":"https:\/\/evescollections.rs\/wp-content\/uploads\/2023\/12\/final-logo-1.png","width":315,"height":143,"caption":"Eve*s Collections"},"image":{"@id":"https:\/\/evescollections.rs\/#\/schema\/logo\/image\/"}}]}},"_links":{"self":[{"href":"https:\/\/evescollections.rs\/sr\/wp-json\/wp\/v2\/product\/2885","targetHints":{"allow":["GET"]}}],"collection":[{"href":"https:\/\/evescollections.rs\/sr\/wp-json\/wp\/v2\/product"}],"about":[{"href":"https:\/\/evescollections.rs\/sr\/wp-json\/wp\/v2\/types\/product"}],"wp:featuredmedia":[{"embeddable":true,"href":"https:\/\/evescollections.rs\/sr\/wp-json\/wp\/v2\/media\/2888"}],"wp:attachment":[{"href":"https:\/\/evescollections.rs\/sr\/wp-json\/wp\/v2\/media?parent=2885"}],"wp:term":[{"taxonomy":"product_cat","embeddable":true,"href":"https:\/\/evescollections.rs\/sr\/wp-json\/wp\/v2\/product_cat?post=2885"},{"taxonomy":"product_tag","embeddable":true,"href":"https:\/\/evescollections.rs\/sr\/wp-json\/wp\/v2\/product_tag?post=2885"}],"curies":[{"name":"wp","href":"https:\/\/api.w.org\/{rel}","templated":true}]}}